{"id":108391,"date":"2020-10-17T10:40:02","date_gmt":"2020-10-17T08:40:02","guid":{"rendered":"https:\/\/akomokids.com\/product\/laurette-kommode-zen-3-schubladen-old-pink\/"},"modified":"2020-10-17T10:40:02","modified_gmt":"2020-10-17T08:40:02","slug":"laurette-kommode-zen-3-schubladen-old-pink","status":"publish","type":"product","link":"https:\/\/akomokids.com\/de\/product\/laurette-kommode-zen-3-schubladen-old-pink\/","title":{"rendered":"Laurette &#8211; Kommode Zen &#8211; 3 Schubladen &#8211; Old Pink"},"content":{"rendered":"<h2>Du hast dein Gl\u00fcck selbst in der Hand<\/h2>\n<p>Zen ist ein japanisches Wort, das einfach \u201cMeditation\u201d bedeutet. Es wird auch f\u00fcr einen Zustand ruhiger Selbsterkennung verwendet, in dem das eigene Handeln von der Intuition und nicht von bewusster Anstrengung geleitet wird. Dieses intuitive Handeln gepaart mit der ruhigen Meditation im Hintergrund inspirierte Laurette, diese hervorragende Kollektion herauszubringen.<\/p>\n<h3>Vom Kinderbett bis zur Designerkommode.<\/h3>\n<p>Laurette bringt mit der Zen Kollektion ein Kinderzimmer voller Designer M\u00f6bel. Alle M\u00f6bel harmonieren perfekt miteinander und sind so gestaltet, dass sie zusammen dem Kinderzimmer eine beruhigende, friedlliche Ausstrahlung verleihen. Als st\u00fcnde man selbst in einem japanischenen Zen-Garten. Vom Juniorbed mit Nachttisch \u00fcber den Kleiderschrank und Sideboard bis zu Kommode und Schubladenschrank, alles ist perfekt aufeinander abgestimmt.<\/p>\n<h3>Alles findet seinen Platz<\/h3>\n<p>F\u00fcr die Zen-Kollektion hat Laurette nat\u00fcrlich auch an eine passende Kommode gedacht. Die gro\u00dfe Ablagefl\u00e4che bietet viel Platz f\u00fcr Zimmerdekorationen und in die 3 Schubladen passen alle Klamotten rein und sorgen f\u00fcr maximale Ordnung. Ist dein Kind noch im Wickelalter, dann kannst du zus\u00e4tzlich zur Kommode einen Wickeltisch bestellen, der mit der Ablagefl\u00e4che kompatibel ist. Die Kommode ist in typischen Jungen und M\u00e4dchenfarben erh\u00e4ltlich, es gibt aber auch geschlechterneutrale Farben zur Auswahl. Bei der Produktion werden MDF Holzplatten verwendet, diese bestehen aus Eschenholz, das aus nachhaltig bewirtschafteten W\u00e4ldern stammt (kein Baum wird gef\u00e4llt, ohne dass sein Nachwuchs gesichert wird). Die verwendete Farbe ist umweltfreundlich, da sie auf Wasser basiert: also frei von L\u00f6sungsmitteln und Toxizit\u00e4t. So garantieren Sie Ihrem Kind einen gesunden und umweltfreundlichen Lebensraum.<\/p>\n<h3>Mehr Farben als ein Regenbogen<\/h3>\n<p>Einer der Besonderheiten bei Laurette ist die riesige Farbauswahl. Sie ist nicht nur auf Standardfarben limitiert, wie bei herk\u00f6mmlichen Herstellern. Es werden auch exotischere Farben angeboten, mit denen man sich super Kombinationen zusammenstellen lassen kann. Garantiert wirst du deinem Kinderzimmer damit Leben einhauchen k\u00f6nnen.<\/p>\n<h3>Spezifikationen<\/h3>\n<ul>\n<li>Material: Esche, MDF<\/li>\n<li>Finish: Farbe auf Wasserbasis, Lack auf Wasserbasis (EN 71-3)<\/li>\n<li>Ma\u00dfe: B 80 cm x T 47 cm x H 100 cm<\/li>\n<li>Schubladen Innenma\u00dfe: B 72 cm, T 38 cm, H 14 cm<\/li>\n<li>Untere Schublade Innenma\u00dfe: B 72 cm, T 38 cm, H 18 cm<\/li>\n<li>Gewicht: 56 kg<\/li>\n<\/ul>\n","protected":false},"excerpt":{"rendered":"<p>Wir von Akomo freuen uns sehr dir die Kommode der Zen Kollektion von Laurette vorzustellen. Die Kommode ist perfekt abgestimmt mit dem Rest der Designer-Kollektion. Sie sieht nicht nur super aus, es wurde auch sehr viel Wert auf eine hohe Qualit\u00e4t und vor allem auf eine umweltfreundliche Herstellung gelegt.<\/p>\n<p>Die Kommode hat folgende Ma\u00dfe: 80 x 47 x 100 cm (L x T x H).<\/p>\n","protected":false},"featured_media":1000000135234,"template":"","meta":{"_acf_changed":false},"product_brand":[2067,2155],"product_cat":[4353,4287,4285],"product_tag":[],"class_list":{"0":"post-108391","1":"product","2":"type-product","3":"status-publish","4":"has-post-thumbnail","6":"product_brand-laurette","7":"product_brand-laurette-de","8":"product_cat-kleiderschraenke","9":"product_cat-moebel","10":"product_cat-wohnen","11":"product_shipping_class-paletten-versand","13":"first","14":"onbackorder","15":"sale","16":"taxable","17":"shipping-taxable","18":"purchasable","19":"product-type-simple"},"bundled_by":[],"bundle_stock_status":"onbackorder","bundle_stock_quantity":0,"bundle_virtual":false,"bundle_layout":"","bundle_add_to_cart_form_location":"","bundle_editable_in_cart":false,"bundle_sold_individually_context":"","bundle_item_grouping":"","bundle_min_size":"","bundle_max_size":"","bundle_price":[],"bundled_items":[],"bundle_sell_ids":[],"exclude_global_add_ons":[],"addons":[],"yoast_head":"<!-- This site is optimized with the Yoast SEO Premium plugin v24.9 (Yoast SEO v27.3) - https:\/\/yoast.com\/product\/yoast-seo-premium-wordpress\/ -->\n<title>Laurette | Kommode Zen - 3 Schubladen - Old Pink | Akomo Kids!<\/title>\n<meta name=\"description\" content=\"Laurette Designer M\u00f6bel f\u00fcr dein Kinderzimmer &amp; Juniorzimmer - Gratis Lieferung innerhalb Deutschland &amp; \u00d6sterreich!\" \/>\n<meta name=\"robots\" content=\"index, follow, max-snippet:-1, max-image-preview:large, max-video-preview:-1\" \/>\n<link rel=\"canonical\" href=\"https:\/\/akomokids.com\/de\/product\/laurette-kommode-zen-3-schubladen-old-pink\/\" \/>\n<meta property=\"og:locale\" content=\"de_DE\" \/>\n<meta property=\"og:type\" content=\"article\" \/>\n<meta property=\"og:title\" content=\"Laurette - Kommode Zen - 3 Schubladen - Old Pink\" \/>\n<meta property=\"og:description\" content=\"Laurette Designer M\u00f6bel f\u00fcr dein Kinderzimmer &amp; Juniorzimmer - Gratis Lieferung innerhalb Deutschland &amp; \u00d6sterreich!\" \/>\n<meta property=\"og:url\" content=\"https:\/\/akomokids.com\/de\/product\/laurette-kommode-zen-3-schubladen-old-pink\/\" \/>\n<meta property=\"og:site_name\" content=\"Akomo Kids\" \/>\n<meta property=\"article:publisher\" content=\"https:\/\/www.facebook.com\/akomokids\/\" \/>\n<meta name=\"twitter:card\" content=\"summary_large_image\" \/>\n<meta name=\"twitter:label1\" content=\"Preis\" \/>\n\t<meta name=\"twitter:data1\" content=\"&euro;&nbsp;1.068,21\" \/>\n\t<meta name=\"twitter:label2\" content=\"Verf\u00fcgbarkeit\" \/>\n\t<meta name=\"twitter:data2\" content=\"bei Nachbestellung\" \/>\n<script type=\"application\/ld+json\" class=\"yoast-schema-graph\">{\"@context\":\"https:\\\/\\\/schema.org\",\"@graph\":[{\"@type\":\"WebPage\",\"@id\":\"https:\\\/\\\/akomokids.com\\\/de\\\/product\\\/laurette-kommode-zen-3-schubladen-old-pink\\\/\",\"url\":\"https:\\\/\\\/akomokids.com\\\/de\\\/product\\\/laurette-kommode-zen-3-schubladen-old-pink\\\/\",\"name\":\"Laurette | Kommode Zen - 3 Schubladen - Old Pink | Akomo Kids!\",\"isPartOf\":{\"@id\":\"https:\\\/\\\/akomokids.com\\\/de\\\/#website\"},\"primaryImageOfPage\":{\"@id\":\"https:\\\/\\\/akomokids.com\\\/de\\\/product\\\/laurette-kommode-zen-3-schubladen-old-pink\\\/#primaryimage\"},\"image\":{\"@id\":\"https:\\\/\\\/akomokids.com\\\/de\\\/product\\\/laurette-kommode-zen-3-schubladen-old-pink\\\/#primaryimage\"},\"thumbnailUrl\":\"https:\\\/\\\/akomokids.com\\\/wp-content\\\/uploads\\\/2025\\\/06\\\/COMMODE-ZEN-BY-LAURETTE-COULEURS-bois-vieux-rose-web-x1000-CAEG.jpg\",\"datePublished\":\"2020-10-17T08:40:02+00:00\",\"description\":\"Laurette Designer M\u00f6bel f\u00fcr dein Kinderzimmer & Juniorzimmer - Gratis Lieferung innerhalb Deutschland & \u00d6sterreich!\",\"breadcrumb\":{\"@id\":\"https:\\\/\\\/akomokids.com\\\/de\\\/product\\\/laurette-kommode-zen-3-schubladen-old-pink\\\/#breadcrumb\"},\"inLanguage\":\"de\",\"potentialAction\":[{\"@type\":\"ReadAction\",\"target\":[\"https:\\\/\\\/akomokids.com\\\/de\\\/product\\\/laurette-kommode-zen-3-schubladen-old-pink\\\/\"]}]},{\"@type\":\"ImageObject\",\"inLanguage\":\"de\",\"@id\":\"https:\\\/\\\/akomokids.com\\\/de\\\/product\\\/laurette-kommode-zen-3-schubladen-old-pink\\\/#primaryimage\",\"url\":\"https:\\\/\\\/akomokids.com\\\/wp-content\\\/uploads\\\/2025\\\/06\\\/COMMODE-ZEN-BY-LAURETTE-COULEURS-bois-vieux-rose-web-x1000-CAEG.jpg\",\"contentUrl\":\"https:\\\/\\\/akomokids.com\\\/wp-content\\\/uploads\\\/2025\\\/06\\\/COMMODE-ZEN-BY-LAURETTE-COULEURS-bois-vieux-rose-web-x1000-CAEG.jpg\"},{\"@type\":\"BreadcrumbList\",\"@id\":\"https:\\\/\\\/akomokids.com\\\/de\\\/product\\\/laurette-kommode-zen-3-schubladen-old-pink\\\/#breadcrumb\",\"itemListElement\":[{\"@type\":\"ListItem\",\"position\":1,\"name\":\"Home\",\"item\":\"https:\\\/\\\/akomokids.com\\\/de\\\/beispielseite\\\/\"},{\"@type\":\"ListItem\",\"position\":2,\"name\":\"Shop\",\"item\":\"https:\\\/\\\/akomokids.com\\\/shop\\\/\"},{\"@type\":\"ListItem\",\"position\":3,\"name\":\"Laurette &#8211; Kommode Zen &#8211; 3 Schubladen &#8211; Old Pink\"}]},{\"@type\":\"WebSite\",\"@id\":\"https:\\\/\\\/akomokids.com\\\/de\\\/#website\",\"url\":\"https:\\\/\\\/akomokids.com\\\/de\\\/\",\"name\":\"Akomo Kids\",\"description\":\"\",\"publisher\":{\"@id\":\"https:\\\/\\\/akomokids.com\\\/de\\\/#organization\"},\"potentialAction\":[{\"@type\":\"SearchAction\",\"target\":{\"@type\":\"EntryPoint\",\"urlTemplate\":\"https:\\\/\\\/akomokids.com\\\/de\\\/?s={search_term_string}\"},\"query-input\":{\"@type\":\"PropertyValueSpecification\",\"valueRequired\":true,\"valueName\":\"search_term_string\"}}],\"inLanguage\":\"de\"},{\"@type\":[\"Organization\",\"Place\"],\"@id\":\"https:\\\/\\\/akomokids.com\\\/de\\\/#organization\",\"name\":\"Akomo Kids | Design Furniture & Lifestyle\",\"alternateName\":\"Akomo Kids | family concept store\",\"url\":\"https:\\\/\\\/akomokids.com\\\/de\\\/\",\"logo\":{\"@id\":\"https:\\\/\\\/akomokids.com\\\/de\\\/product\\\/laurette-kommode-zen-3-schubladen-old-pink\\\/#local-main-organization-logo\"},\"image\":{\"@id\":\"https:\\\/\\\/akomokids.com\\\/de\\\/product\\\/laurette-kommode-zen-3-schubladen-old-pink\\\/#local-main-organization-logo\"},\"sameAs\":[\"https:\\\/\\\/www.facebook.com\\\/akomokids\\\/\",\"https:\\\/\\\/www.instagram.com\\\/akomokids\\\/\"],\"description\":\"Shop premium baby and kids products at Akomo Kids\",\"legalName\":\"Akomo Kids\",\"telephone\":[],\"openingHoursSpecification\":[{\"@type\":\"OpeningHoursSpecification\",\"dayOfWeek\":[\"Monday\",\"Tuesday\",\"Wednesday\",\"Thursday\",\"Friday\",\"Saturday\",\"Sunday\"],\"opens\":\"09:00\",\"closes\":\"17:00\"}]},{\"@type\":\"ImageObject\",\"inLanguage\":\"de\",\"@id\":\"https:\\\/\\\/akomokids.com\\\/de\\\/product\\\/laurette-kommode-zen-3-schubladen-old-pink\\\/#local-main-organization-logo\",\"url\":\"https:\\\/\\\/akomokids.com\\\/wp-content\\\/uploads\\\/sites\\\/4\\\/2026\\\/02\\\/Akomo-Logo-uil.jpg\",\"contentUrl\":\"https:\\\/\\\/akomokids.com\\\/wp-content\\\/uploads\\\/sites\\\/4\\\/2026\\\/02\\\/Akomo-Logo-uil.jpg\",\"width\":1000,\"height\":1000,\"caption\":\"Akomo Kids | Design Furniture & Lifestyle\"}]}<\/script>\n<meta property=\"product:price:amount\" content=\"1068.21\" \/>\n<meta property=\"product:price:currency\" content=\"EUR\" \/>\n<meta property=\"og:availability\" content=\"backorder\" \/>\n<meta property=\"product:availability\" content=\"available for order\" \/>\n<meta property=\"product:retailer_item_id\" content=\"COMZEN0009\" \/>\n<meta property=\"product:condition\" content=\"new\" \/>\n<!-- \/ Yoast SEO Premium plugin. -->","yoast_head_json":{"title":"Laurette | Kommode Zen - 3 Schubladen - Old Pink | Akomo Kids!","description":"Laurette Designer M\u00f6bel f\u00fcr dein Kinderzimmer & Juniorzimmer - Gratis Lieferung innerhalb Deutschland & \u00d6sterreich!","robots":{"index":"index","follow":"follow","max-snippet":"max-snippet:-1","max-image-preview":"max-image-preview:large","max-video-preview":"max-video-preview:-1"},"canonical":"https:\/\/akomokids.com\/de\/product\/laurette-kommode-zen-3-schubladen-old-pink\/","og_locale":"de_DE","og_type":"article","og_title":"Laurette - Kommode Zen - 3 Schubladen - Old Pink","og_description":"Laurette Designer M\u00f6bel f\u00fcr dein Kinderzimmer & Juniorzimmer - Gratis Lieferung innerhalb Deutschland & \u00d6sterreich!","og_url":"https:\/\/akomokids.com\/de\/product\/laurette-kommode-zen-3-schubladen-old-pink\/","og_site_name":"Akomo Kids","article_publisher":"https:\/\/www.facebook.com\/akomokids\/","twitter_card":"summary_large_image","twitter_misc":{"Preis":"&euro;&nbsp;1.068,21","Verf\u00fcgbarkeit":"bei Nachbestellung"},"schema":{"@context":"https:\/\/schema.org","@graph":[{"@type":"WebPage","@id":"https:\/\/akomokids.com\/de\/product\/laurette-kommode-zen-3-schubladen-old-pink\/","url":"https:\/\/akomokids.com\/de\/product\/laurette-kommode-zen-3-schubladen-old-pink\/","name":"Laurette | Kommode Zen - 3 Schubladen - Old Pink | Akomo Kids!","isPartOf":{"@id":"https:\/\/akomokids.com\/de\/#website"},"primaryImageOfPage":{"@id":"https:\/\/akomokids.com\/de\/product\/laurette-kommode-zen-3-schubladen-old-pink\/#primaryimage"},"image":{"@id":"https:\/\/akomokids.com\/de\/product\/laurette-kommode-zen-3-schubladen-old-pink\/#primaryimage"},"thumbnailUrl":"https:\/\/akomokids.com\/wp-content\/uploads\/2025\/06\/COMMODE-ZEN-BY-LAURETTE-COULEURS-bois-vieux-rose-web-x1000-CAEG.jpg","datePublished":"2020-10-17T08:40:02+00:00","description":"Laurette Designer M\u00f6bel f\u00fcr dein Kinderzimmer & Juniorzimmer - Gratis Lieferung innerhalb Deutschland & \u00d6sterreich!","breadcrumb":{"@id":"https:\/\/akomokids.com\/de\/product\/laurette-kommode-zen-3-schubladen-old-pink\/#breadcrumb"},"inLanguage":"de","potentialAction":[{"@type":"ReadAction","target":["https:\/\/akomokids.com\/de\/product\/laurette-kommode-zen-3-schubladen-old-pink\/"]}]},{"@type":"ImageObject","inLanguage":"de","@id":"https:\/\/akomokids.com\/de\/product\/laurette-kommode-zen-3-schubladen-old-pink\/#primaryimage","url":"https:\/\/akomokids.com\/wp-content\/uploads\/2025\/06\/COMMODE-ZEN-BY-LAURETTE-COULEURS-bois-vieux-rose-web-x1000-CAEG.jpg","contentUrl":"https:\/\/akomokids.com\/wp-content\/uploads\/2025\/06\/COMMODE-ZEN-BY-LAURETTE-COULEURS-bois-vieux-rose-web-x1000-CAEG.jpg"},{"@type":"BreadcrumbList","@id":"https:\/\/akomokids.com\/de\/product\/laurette-kommode-zen-3-schubladen-old-pink\/#breadcrumb","itemListElement":[{"@type":"ListItem","position":1,"name":"Home","item":"https:\/\/akomokids.com\/de\/beispielseite\/"},{"@type":"ListItem","position":2,"name":"Shop","item":"https:\/\/akomokids.com\/shop\/"},{"@type":"ListItem","position":3,"name":"Laurette &#8211; Kommode Zen &#8211; 3 Schubladen &#8211; Old Pink"}]},{"@type":"WebSite","@id":"https:\/\/akomokids.com\/de\/#website","url":"https:\/\/akomokids.com\/de\/","name":"Akomo Kids","description":"","publisher":{"@id":"https:\/\/akomokids.com\/de\/#organization"},"potentialAction":[{"@type":"SearchAction","target":{"@type":"EntryPoint","urlTemplate":"https:\/\/akomokids.com\/de\/?s={search_term_string}"},"query-input":{"@type":"PropertyValueSpecification","valueRequired":true,"valueName":"search_term_string"}}],"inLanguage":"de"},{"@type":["Organization","Place"],"@id":"https:\/\/akomokids.com\/de\/#organization","name":"Akomo Kids | Design Furniture & Lifestyle","alternateName":"Akomo Kids | family concept store","url":"https:\/\/akomokids.com\/de\/","logo":{"@id":"https:\/\/akomokids.com\/de\/product\/laurette-kommode-zen-3-schubladen-old-pink\/#local-main-organization-logo"},"image":{"@id":"https:\/\/akomokids.com\/de\/product\/laurette-kommode-zen-3-schubladen-old-pink\/#local-main-organization-logo"},"sameAs":["https:\/\/www.facebook.com\/akomokids\/","https:\/\/www.instagram.com\/akomokids\/"],"description":"Shop premium baby and kids products at Akomo Kids","legalName":"Akomo Kids","telephone":[],"openingHoursSpecification":[{"@type":"OpeningHoursSpecification","dayOfWeek":["Monday","Tuesday","Wednesday","Thursday","Friday","Saturday","Sunday"],"opens":"09:00","closes":"17:00"}]},{"@type":"ImageObject","inLanguage":"de","@id":"https:\/\/akomokids.com\/de\/product\/laurette-kommode-zen-3-schubladen-old-pink\/#local-main-organization-logo","url":"https:\/\/akomokids.com\/wp-content\/uploads\/sites\/4\/2026\/02\/Akomo-Logo-uil.jpg","contentUrl":"https:\/\/akomokids.com\/wp-content\/uploads\/sites\/4\/2026\/02\/Akomo-Logo-uil.jpg","width":1000,"height":1000,"caption":"Akomo Kids | Design Furniture & Lifestyle"}]},"product_price_amount":"1068.21","product_price_currency":"EUR","og_availability":"backorder","product_availability":"available for order","product_retailer_item_id":"COMZEN0009","product_condition":"new"},"acf":[],"_links":{"self":[{"href":"https:\/\/akomokids.com\/de\/wp-json\/wp\/v2\/product\/108391","targetHints":{"allow":["GET"]}}],"collection":[{"href":"https:\/\/akomokids.com\/de\/wp-json\/wp\/v2\/product"}],"about":[{"href":"https:\/\/akomokids.com\/de\/wp-json\/wp\/v2\/types\/product"}],"wp:featuredmedia":[{"embeddable":true,"href":"https:\/\/akomokids.com\/de\/wp-json\/"}],"wp:attachment":[{"href":"https:\/\/akomokids.com\/de\/wp-json\/wp\/v2\/media?parent=108391"}],"wp:term":[{"taxonomy":"product_brand","embeddable":true,"href":"https:\/\/akomokids.com\/de\/wp-json\/wp\/v2\/product_brand?post=108391"},{"taxonomy":"product_cat","embeddable":true,"href":"https:\/\/akomokids.com\/de\/wp-json\/wp\/v2\/product_cat?post=108391"},{"taxonomy":"product_tag","embeddable":true,"href":"https:\/\/akomokids.com\/de\/wp-json\/wp\/v2\/product_tag?post=108391"}],"curies":[{"name":"wp","href":"https:\/\/api.w.org\/{rel}","templated":true}]}}